{"id":166,"date":"2025-10-21T02:32:12","date_gmt":"2025-10-21T02:32:12","guid":{"rendered":"https:\/\/runnerscaicedonia.com.co\/?page_id=166"},"modified":"2025-10-21T18:54:35","modified_gmt":"2025-10-21T18:54:35","slug":"nosotros","status":"publish","type":"page","link":"https:\/\/runnerscaicedonia.com.co\/index.php\/nosotros\/","title":{"rendered":"Nosotros"},"content":{"rendered":"\t\t<div data-elementor-type=\"wp-page\" data-elementor-id=\"166\" class=\"elementor elementor-166\" data-elementor-post-type=\"page\">\n\t\t\t\t\t\t<section class=\"elementor-section elementor-top-section elementor-element elementor-element-7404e26a elementor-section-boxed elementor-section-height-default elementor-section-height-default\" data-id=\"7404e26a\" data-element_type=\"section\" data-settings=\"{&quot;background_background&quot;:&quot;classic&quot;}\">\n\t\t\t\t\t\t\t<div class=\"elementor-background-overlay\"><\/div>\n\t\t\t\t\t\t\t<div class=\"elementor-container elementor-column-gap-default\">\n\t\t\t\t\t<div class=\"elementor-column elementor-col-100 elementor-top-column elementor-element elementor-element-1c348e4a\" data-id=\"1c348e4a\" data-element_type=\"column\">\n\t\t\t<div class=\"elementor-widget-wrap elementor-element-populated\">\n\t\t\t\t\t\t<div class=\"elementor-element elementor-element-44de7467 elementor-widget elementor-widget-heading\" data-id=\"44de7467\" data-element_type=\"widget\" data-widget_type=\"heading.default\">\n\t\t\t\t\t<h1 class=\"elementor-heading-title elementor-size-default\">Nosotros<\/h1>\t\t\t\t<\/div>\n\t\t\t\t<div class=\"elementor-element elementor-element-33794d16 elementor-icon-list--layout-inline elementor-align-center elementor-list-item-link-full_width elementor-widget elementor-widget-icon-list\" data-id=\"33794d16\" data-element_type=\"widget\" data-widget_type=\"icon-list.default\">\n\t\t\t\t\t\t\t<ul class=\"elementor-icon-list-items elementor-inline-items\">\n\t\t\t\t\t\t\t<li class=\"elementor-icon-list-item elementor-inline-item\">\n\t\t\t\t\t\t\t\t\t\t\t<span class=\"elementor-icon-list-icon\">\n\t\t\t\t\t\t\t<svg aria-hidden=\"true\" class=\"e-font-icon-svg e-fas-angle-right\" viewBox=\"0 0 256 512\" xmlns=\"http:\/\/www.w3.org\/2000\/svg\"><path d=\"M224.3 273l-136 136c-9.4 9.4-24.6 9.4-33.9 0l-22.6-22.6c-9.4-9.4-9.4-24.6 0-33.9l96.4-96.4-96.4-96.4c-9.4-9.4-9.4-24.6 0-33.9L54.3 103c9.4-9.4 24.6-9.4 33.9 0l136 136c9.5 9.4 9.5 24.6.1 34z\"><\/path><\/svg>\t\t\t\t\t\t<\/span>\n\t\t\t\t\t\t\t\t\t\t<span class=\"elementor-icon-list-text\">Impulsamos lo local con pasi\u00f3n y confianza.<\/span>\n\t\t\t\t\t\t\t\t\t<\/li>\n\t\t\t\t\t\t<\/ul>\n\t\t\t\t\t\t<\/div>\n\t\t\t\t\t<\/div>\n\t\t<\/div>\n\t\t\t\t\t<\/div>\n\t\t<\/section>\n\t\t\t\t<section class=\"elementor-section elementor-top-section elementor-element elementor-element-24383a7a elementor-section-boxed elementor-section-height-default elementor-section-height-default\" data-id=\"24383a7a\" data-element_type=\"section\" data-settings=\"{&quot;background_background&quot;:&quot;classic&quot;}\">\n\t\t\t\t\t\t<div class=\"elementor-container elementor-column-gap-default\">\n\t\t\t\t\t<div class=\"elementor-column elementor-col-50 elementor-top-column elementor-element elementor-element-236f028c\" data-id=\"236f028c\" data-element_type=\"column\">\n\t\t\t<div class=\"elementor-widget-wrap elementor-element-populated\">\n\t\t\t\t\t\t<section class=\"elementor-section elementor-inner-section elementor-element elementor-element-49c29cd1 elementor-section-full_width elementor-section-height-default elementor-section-height-default\" data-id=\"49c29cd1\" data-element_type=\"section\">\n\t\t\t\t\t\t<div class=\"elementor-container elementor-column-gap-default\">\n\t\t\t\t\t<div class=\"elementor-column elementor-col-50 elementor-inner-column elementor-element elementor-element-75b7cb6b\" data-id=\"75b7cb6b\" data-element_type=\"column\">\n\t\t\t<div class=\"elementor-widget-wrap elementor-element-populated\">\n\t\t\t\t\t\t<div class=\"elementor-element elementor-element-cd380ff elementor-widget__width-inherit elementor-widget elementor-widget-image\" data-id=\"cd380ff\" data-element_type=\"widget\" data-widget_type=\"image.default\">\n\t\t\t\t\t\t\t\t\t\t\t\t\t\t\t<img fetchpriority=\"high\" decoding=\"async\" width=\"610\" height=\"864\" src=\"https:\/\/runnerscaicedonia.com.co\/wp-content\/uploads\/2025\/10\/about_Home01-G2PH8DX.jpg\" class=\"attachment-full size-full wp-image-87\" alt=\"\" srcset=\"https:\/\/runnerscaicedonia.com.co\/wp-content\/uploads\/2025\/10\/about_Home01-G2PH8DX.jpg 610w, https:\/\/runnerscaicedonia.com.co\/wp-content\/uploads\/2025\/10\/about_Home01-G2PH8DX-212x300.jpg 212w, https:\/\/runnerscaicedonia.com.co\/wp-content\/uploads\/2025\/10\/about_Home01-G2PH8DX-600x850.jpg 600w\" sizes=\"(max-width: 610px) 100vw, 610px\" \/>\t\t\t\t\t\t\t\t\t\t\t\t\t\t\t<\/div>\n\t\t\t\t<div class=\"elementor-element elementor-element-4f1d163e elementor-widget__width-auto elementor-widget elementor-widget-image\" data-id=\"4f1d163e\" data-element_type=\"widget\" data-widget_type=\"image.default\">\n\t\t\t\t\t\t\t\t\t\t\t\t\t\t\t<img decoding=\"async\" width=\"181\" height=\"74\" src=\"https:\/\/runnerscaicedonia.com.co\/wp-content\/uploads\/2025\/10\/Graphic.png\" class=\"attachment-full size-full wp-image-89\" alt=\"\" \/>\t\t\t\t\t\t\t\t\t\t\t\t\t\t\t<\/div>\n\t\t\t\t\t<\/div>\n\t\t<\/div>\n\t\t\t\t<div class=\"elementor-column elementor-col-50 elementor-inner-column elementor-element elementor-element-1174beb6\" data-id=\"1174beb6\" data-element_type=\"column\">\n\t\t\t<div class=\"elementor-widget-wrap elementor-element-populated\">\n\t\t\t\t\t\t<div class=\"elementor-element elementor-element-5e304a70 elementor-widget__width-auto elementor-widget-tablet__width-inherit elementor-widget elementor-widget-image\" data-id=\"5e304a70\" data-element_type=\"widget\" data-widget_type=\"image.default\">\n\t\t\t\t\t\t\t\t\t\t\t\t\t\t\t<img decoding=\"async\" width=\"427\" height=\"528\" src=\"https:\/\/runnerscaicedonia.com.co\/wp-content\/uploads\/2025\/10\/unsplash_Io2Zgb3_kdk-1.jpg\" class=\"attachment-full size-full wp-image-90\" alt=\"\" srcset=\"https:\/\/runnerscaicedonia.com.co\/wp-content\/uploads\/2025\/10\/unsplash_Io2Zgb3_kdk-1.jpg 427w, https:\/\/runnerscaicedonia.com.co\/wp-content\/uploads\/2025\/10\/unsplash_Io2Zgb3_kdk-1-243x300.jpg 243w\" sizes=\"(max-width: 427px) 100vw, 427px\" \/>\t\t\t\t\t\t\t\t\t\t\t\t\t\t\t<\/div>\n\t\t\t\t<div class=\"elementor-element elementor-element-a897705 elementor-widget__width-auto elementor-absolute elementor-widget elementor-widget-image\" data-id=\"a897705\" data-element_type=\"widget\" data-settings=\"{&quot;_position&quot;:&quot;absolute&quot;}\" data-widget_type=\"image.default\">\n\t\t\t\t\t\t\t\t\t\t\t\t\t\t\t<img loading=\"lazy\" decoding=\"async\" width=\"143\" height=\"245\" src=\"https:\/\/runnerscaicedonia.com.co\/wp-content\/uploads\/2025\/10\/Intersect.png\" class=\"attachment-full size-full wp-image-92\" alt=\"\" \/>\t\t\t\t\t\t\t\t\t\t\t\t\t\t\t<\/div>\n\t\t\t\t\t<\/div>\n\t\t<\/div>\n\t\t\t\t\t<\/div>\n\t\t<\/section>\n\t\t\t\t\t<\/div>\n\t\t<\/div>\n\t\t\t\t<div class=\"elementor-column elementor-col-50 elementor-top-column elementor-element elementor-element-62dee9cd\" data-id=\"62dee9cd\" data-element_type=\"column\">\n\t\t\t<div class=\"elementor-widget-wrap elementor-element-populated\">\n\t\t\t\t\t\t<div class=\"elementor-element elementor-element-756a55da elementor-widget__width-auto elementor-widget elementor-widget-image\" data-id=\"756a55da\" data-element_type=\"widget\" data-widget_type=\"image.default\">\n\t\t\t\t\t\t\t\t\t\t\t\t\t\t\t<img loading=\"lazy\" decoding=\"async\" width=\"201\" height=\"80\" src=\"https:\/\/runnerscaicedonia.com.co\/wp-content\/uploads\/2025\/10\/Graphic-1.png\" class=\"attachment-full size-full wp-image-93\" alt=\"\" \/>\t\t\t\t\t\t\t\t\t\t\t\t\t\t\t<\/div>\n\t\t\t\t<div class=\"elementor-element elementor-element-3edf22e8 elementor-widget elementor-widget-heading\" data-id=\"3edf22e8\" data-element_type=\"widget\" data-widget_type=\"heading.default\">\n\t\t\t\t\t<h2 class=\"elementor-heading-title elementor-size-default\">Bienvenido a Runners<\/h2>\t\t\t\t<\/div>\n\t\t\t\t<div class=\"elementor-element elementor-element-66dd85f6 elementor-widget elementor-widget-heading\" data-id=\"66dd85f6\" data-element_type=\"widget\" data-widget_type=\"heading.default\">\n\t\t\t\t\t<h3 class=\"elementor-heading-title elementor-size-default\">Runner \u2013 Tu conexi\u00f3n con la calidad local<\/h3>\t\t\t\t<\/div>\n\t\t\t\t<div class=\"elementor-element elementor-element-139b7d0d elementor-widget elementor-widget-text-editor\" data-id=\"139b7d0d\" data-element_type=\"widget\" data-widget_type=\"text-editor.default\">\n\t\t\t\t\t\t\t\t\t<p>Bienvenido a Runner, una tienda comprometida con Caicedonia. Aqu\u00ed encontrar\u00e1s productos \u00fatiles para tu hogar, elaborados y distribuidos localmente, pensados para brindarte comodidad, confianza y cercan\u00eda. Promovemos lo hecho en nuestra tierra y llevamos lo mejor de Caicedonia hasta tu puerta.<\/p>\t\t\t\t\t\t\t\t<\/div>\n\t\t\t\t<div class=\"elementor-element elementor-element-6704cad8 elementor-widget-divider--view-line elementor-widget elementor-widget-divider\" data-id=\"6704cad8\" data-element_type=\"widget\" data-widget_type=\"divider.default\">\n\t\t\t\t\t\t\t<div class=\"elementor-divider\">\n\t\t\t<span class=\"elementor-divider-separator\">\n\t\t\t\t\t\t<\/span>\n\t\t<\/div>\n\t\t\t\t\t\t<\/div>\n\t\t\t\t\t<\/div>\n\t\t<\/div>\n\t\t\t\t\t<\/div>\n\t\t<\/section>\n\t\t\t\t<section class=\"elementor-section elementor-top-section elementor-element elementor-element-3e762cfa elementor-section-boxed elementor-section-height-default elementor-section-height-default\" data-id=\"3e762cfa\" data-element_type=\"section\" data-settings=\"{&quot;background_background&quot;:&quot;classic&quot;}\">\n\t\t\t\t\t\t<div class=\"elementor-container elementor-column-gap-default\">\n\t\t\t\t\t<div class=\"elementor-column elementor-col-50 elementor-top-column elementor-element elementor-element-ce7b80f\" data-id=\"ce7b80f\" data-element_type=\"column\">\n\t\t\t<div class=\"elementor-widget-wrap elementor-element-populated\">\n\t\t\t\t\t\t<div class=\"elementor-element elementor-element-3890685c tf-content-align-center elementor-widget elementor-widget-tfcounter\" data-id=\"3890685c\" data-element_type=\"widget\" data-widget_type=\"tfcounter.default\">\n\t\t\t\t<div class=\"elementor-widget-container\">\n\t\t\t\t\t<div class=\"flat-counter counter-icon-top counter-icon-top\"> \r\n\t\t\t\t<div class=\"inner\">\r\n\t                <div class=\"flat-icon\"><span class=\"count-circle-sub\"><img decoding=\"async\" src=\"https:\/\/runnerscaicedonia.com.co\/wp-content\/uploads\/2025\/10\/Icon-4.png\" alt=\"image\"\/><\/span><\/div>\r\n\t                <div class=\"flat-content counter\">                \t\r\n\t                    <div class=\"numb-count\">\r\n\t                \t\t<span class=\"numb-prefix\"> <\/span>\r\n\t                \t\t<span class=\"odometer ending-number default\" data-count=\"196\">0<\/span>\r\n\t                \t\t<span class=\"numb-suffix\"> <\/span>                    \t\r\n\t                \t<\/div>\r\n\t                \t<h3 class=\"name-count\">productos<\/h3>\r\n\t            \t<\/div>\r\n\t\t\t\t<\/div>\r\n            <\/div>\t\t\t\t<\/div>\n\t\t\t\t<\/div>\n\t\t\t\t\t<\/div>\n\t\t<\/div>\n\t\t\t\t<div class=\"elementor-column elementor-col-50 elementor-top-column elementor-element elementor-element-1cbb447\" data-id=\"1cbb447\" data-element_type=\"column\">\n\t\t\t<div class=\"elementor-widget-wrap elementor-element-populated\">\n\t\t\t\t\t\t<div class=\"elementor-element elementor-element-0ce6541 tf-content-align-center elementor-widget elementor-widget-tfcounter\" data-id=\"0ce6541\" data-element_type=\"widget\" data-widget_type=\"tfcounter.default\">\n\t\t\t\t<div class=\"elementor-widget-container\">\n\t\t\t\t\t<div class=\"flat-counter counter-icon-top counter-icon-top\"> \r\n\t\t\t\t<div class=\"inner\">\r\n\t                <div class=\"flat-icon\"><span class=\"count-circle-sub\"><img decoding=\"async\" src=\"https:\/\/runnerscaicedonia.com.co\/wp-content\/uploads\/2025\/10\/Frame-1.png\" alt=\"image\"\/><\/span><\/div>\r\n\t                <div class=\"flat-content counter\">                \t\r\n\t                    <div class=\"numb-count\">\r\n\t                \t\t<span class=\"numb-prefix\"> <\/span>\r\n\t                \t\t<span class=\"odometer ending-number default\" data-count=\"2432\">0<\/span>\r\n\t                \t\t<span class=\"numb-suffix\"> <\/span>                    \t\r\n\t                \t<\/div>\r\n\t                \t<h3 class=\"name-count\">Miembros activos<\/h3>\r\n\t            \t<\/div>\r\n\t\t\t\t<\/div>\r\n            <\/div>\t\t\t\t<\/div>\n\t\t\t\t<\/div>\n\t\t\t\t\t<\/div>\n\t\t<\/div>\n\t\t\t\t\t<\/div>\n\t\t<\/section>\n\t\t\t\t<section class=\"elementor-section elementor-top-section elementor-element elementor-element-20617242 elementor-section-boxed elementor-section-height-default elementor-section-height-default\" data-id=\"20617242\" data-element_type=\"section\">\n\t\t\t\t\t\t<div class=\"elementor-container elementor-column-gap-default\">\n\t\t\t\t\t<div class=\"elementor-column elementor-col-50 elementor-top-column elementor-element elementor-element-6ed3b19b\" data-id=\"6ed3b19b\" data-element_type=\"column\">\n\t\t\t<div class=\"elementor-widget-wrap elementor-element-populated\">\n\t\t\t\t\t\t<div class=\"elementor-element elementor-element-7552952e elementor-widget__width-auto elementor-widget elementor-widget-image\" data-id=\"7552952e\" data-element_type=\"widget\" data-widget_type=\"image.default\">\n\t\t\t\t\t\t\t\t\t\t\t\t\t\t\t<img loading=\"lazy\" decoding=\"async\" width=\"1280\" height=\"960\" src=\"https:\/\/runnerscaicedonia.com.co\/wp-content\/uploads\/2025\/10\/About-ZL6URBS.jpg\" class=\"attachment-full size-full wp-image-141\" alt=\"\" srcset=\"https:\/\/runnerscaicedonia.com.co\/wp-content\/uploads\/2025\/10\/About-ZL6URBS.jpg 1280w, https:\/\/runnerscaicedonia.com.co\/wp-content\/uploads\/2025\/10\/About-ZL6URBS-300x225.jpg 300w, https:\/\/runnerscaicedonia.com.co\/wp-content\/uploads\/2025\/10\/About-ZL6URBS-1024x768.jpg 1024w, https:\/\/runnerscaicedonia.com.co\/wp-content\/uploads\/2025\/10\/About-ZL6URBS-768x576.jpg 768w, https:\/\/runnerscaicedonia.com.co\/wp-content\/uploads\/2025\/10\/About-ZL6URBS-600x450.jpg 600w\" sizes=\"(max-width: 1280px) 100vw, 1280px\" \/>\t\t\t\t\t\t\t\t\t\t\t\t\t\t\t<\/div>\n\t\t\t\t<div class=\"elementor-element elementor-element-3c3b5d98 elementor-widget__width-auto elementor-absolute elementor-hidden-mobile elementor-widget elementor-widget-image\" data-id=\"3c3b5d98\" data-element_type=\"widget\" data-settings=\"{&quot;_position&quot;:&quot;absolute&quot;}\" data-widget_type=\"image.default\">\n\t\t\t\t\t\t\t\t\t\t\t\t\t\t\t<img loading=\"lazy\" decoding=\"async\" width=\"628\" height=\"934\" src=\"https:\/\/runnerscaicedonia.com.co\/wp-content\/uploads\/2025\/10\/About-PCUWA84.jpg\" class=\"attachment-full size-full wp-image-142\" alt=\"\" srcset=\"https:\/\/runnerscaicedonia.com.co\/wp-content\/uploads\/2025\/10\/About-PCUWA84.jpg 628w, https:\/\/runnerscaicedonia.com.co\/wp-content\/uploads\/2025\/10\/About-PCUWA84-202x300.jpg 202w, https:\/\/runnerscaicedonia.com.co\/wp-content\/uploads\/2025\/10\/About-PCUWA84-600x892.jpg 600w\" sizes=\"(max-width: 628px) 100vw, 628px\" \/>\t\t\t\t\t\t\t\t\t\t\t\t\t\t\t<\/div>\n\t\t\t\t\t<\/div>\n\t\t<\/div>\n\t\t\t\t<div class=\"elementor-column elementor-col-50 elementor-top-column elementor-element elementor-element-647bd647\" data-id=\"647bd647\" data-element_type=\"column\">\n\t\t\t<div class=\"elementor-widget-wrap elementor-element-populated\">\n\t\t\t\t\t\t<section class=\"elementor-section elementor-inner-section elementor-element elementor-element-38b9cacb elementor-section-boxed elementor-section-height-default elementor-section-height-default\" data-id=\"38b9cacb\" data-element_type=\"section\">\n\t\t\t\t\t\t<div class=\"elementor-container elementor-column-gap-default\">\n\t\t\t\t\t<div class=\"elementor-column elementor-col-50 elementor-inner-column elementor-element elementor-element-5de6d1de\" data-id=\"5de6d1de\" data-element_type=\"column\">\n\t\t\t<div class=\"elementor-widget-wrap elementor-element-populated\">\n\t\t\t\t\t\t<div class=\"elementor-element elementor-element-4ccd3469 elementor-widget__width-auto elementor-widget elementor-widget-image\" data-id=\"4ccd3469\" data-element_type=\"widget\" data-widget_type=\"image.default\">\n\t\t\t\t\t\t\t\t\t\t\t\t\t\t\t<img loading=\"lazy\" decoding=\"async\" width=\"144\" height=\"144\" src=\"https:\/\/runnerscaicedonia.com.co\/wp-content\/uploads\/2025\/10\/about_Home02-2GB5STW.jpg\" class=\"attachment-full size-full wp-image-143\" alt=\"\" srcset=\"https:\/\/runnerscaicedonia.com.co\/wp-content\/uploads\/2025\/10\/about_Home02-2GB5STW.jpg 144w, https:\/\/runnerscaicedonia.com.co\/wp-content\/uploads\/2025\/10\/about_Home02-2GB5STW-100x100.jpg 100w\" sizes=\"(max-width: 144px) 100vw, 144px\" \/>\t\t\t\t\t\t\t\t\t\t\t\t\t\t\t<\/div>\n\t\t\t\t<div class=\"elementor-element elementor-element-57a0bd72 elementor-widget__width-auto elementor-widget elementor-widget-image\" data-id=\"57a0bd72\" data-element_type=\"widget\" data-widget_type=\"image.default\">\n\t\t\t\t\t\t\t\t\t\t\t\t\t\t\t<img loading=\"lazy\" decoding=\"async\" width=\"144\" height=\"144\" src=\"https:\/\/runnerscaicedonia.com.co\/wp-content\/uploads\/2025\/10\/about_Home02-9NWEXAY.jpg\" class=\"attachment-full size-full wp-image-144\" alt=\"\" srcset=\"https:\/\/runnerscaicedonia.com.co\/wp-content\/uploads\/2025\/10\/about_Home02-9NWEXAY.jpg 144w, https:\/\/runnerscaicedonia.com.co\/wp-content\/uploads\/2025\/10\/about_Home02-9NWEXAY-100x100.jpg 100w\" sizes=\"(max-width: 144px) 100vw, 144px\" \/>\t\t\t\t\t\t\t\t\t\t\t\t\t\t\t<\/div>\n\t\t\t\t<div class=\"elementor-element elementor-element-116d0350 elementor-widget__width-auto elementor-widget elementor-widget-image\" data-id=\"116d0350\" data-element_type=\"widget\" data-widget_type=\"image.default\">\n\t\t\t\t\t\t\t\t\t\t\t\t\t\t\t<img loading=\"lazy\" decoding=\"async\" width=\"144\" height=\"144\" src=\"https:\/\/runnerscaicedonia.com.co\/wp-content\/uploads\/2025\/10\/about_Home02-RNVE8YG.jpg\" class=\"attachment-full size-full wp-image-145\" alt=\"\" srcset=\"https:\/\/runnerscaicedonia.com.co\/wp-content\/uploads\/2025\/10\/about_Home02-RNVE8YG.jpg 144w, https:\/\/runnerscaicedonia.com.co\/wp-content\/uploads\/2025\/10\/about_Home02-RNVE8YG-100x100.jpg 100w\" sizes=\"(max-width: 144px) 100vw, 144px\" \/>\t\t\t\t\t\t\t\t\t\t\t\t\t\t\t<\/div>\n\t\t\t\t<div class=\"elementor-element elementor-element-36c185e elementor-widget__width-auto elementor-widget elementor-widget-image\" data-id=\"36c185e\" data-element_type=\"widget\" data-widget_type=\"image.default\">\n\t\t\t\t\t\t\t\t\t\t\t\t\t\t\t<img loading=\"lazy\" decoding=\"async\" width=\"144\" height=\"144\" src=\"https:\/\/runnerscaicedonia.com.co\/wp-content\/uploads\/2025\/10\/about_Home02-UNRS5PJ.jpg\" class=\"attachment-full size-full wp-image-146\" alt=\"\" srcset=\"https:\/\/runnerscaicedonia.com.co\/wp-content\/uploads\/2025\/10\/about_Home02-UNRS5PJ.jpg 144w, https:\/\/runnerscaicedonia.com.co\/wp-content\/uploads\/2025\/10\/about_Home02-UNRS5PJ-100x100.jpg 100w\" sizes=\"(max-width: 144px) 100vw, 144px\" \/>\t\t\t\t\t\t\t\t\t\t\t\t\t\t\t<\/div>\n\t\t\t\t<div class=\"elementor-element elementor-element-21412ddd elementor-widget__width-auto elementor-widget elementor-widget-heading\" data-id=\"21412ddd\" data-element_type=\"widget\" data-widget_type=\"heading.default\">\n\t\t\t\t\t<p class=\"elementor-heading-title elementor-size-default\">5M<\/p>\t\t\t\t<\/div>\n\t\t\t\t\t<\/div>\n\t\t<\/div>\n\t\t\t\t<div class=\"elementor-column elementor-col-50 elementor-inner-column elementor-element elementor-element-45e8c6dd\" data-id=\"45e8c6dd\" data-element_type=\"column\">\n\t\t\t<div class=\"elementor-widget-wrap elementor-element-populated\">\n\t\t\t\t\t\t<div class=\"elementor-element elementor-element-d1b64c1 elementor-widget elementor-widget-heading\" data-id=\"d1b64c1\" data-element_type=\"widget\" data-widget_type=\"heading.default\">\n\t\t\t\t\t<p class=\"elementor-heading-title elementor-size-default\">M\u00e1s de 50 millones de personas en todo el mundo conf\u00edan en nosotros<\/p>\t\t\t\t<\/div>\n\t\t\t\t\t<\/div>\n\t\t<\/div>\n\t\t\t\t\t<\/div>\n\t\t<\/section>\n\t\t\t\t<div class=\"elementor-element elementor-element-7378fa60 elementor-widget elementor-widget-tftabs\" data-id=\"7378fa60\" data-element_type=\"widget\" data-widget_type=\"tftabs.default\">\n\t\t\t\t<div class=\"elementor-widget-container\">\n\t\t\t\t\t\t\t<div id=\"tf-tabs-7378fa60\" class=\"tf-tabs horizontal tabs-horizontal icon-position-left show-triger- nav-left\" data-tabid=\"7378fa60\">\r\n\t\t\t<div class=\"tf-tabnav\">\r\n\t\t\t\t<ul>\r\n\t\t\t\t\t\t\t\t\t\t<li class=\"tablinks inactive elementor-animation-\" data-tab=\"tab-1\">\t\r\n\t\t\t\t\t\t<span class=\"wrap-icon\"><i class=\"\" aria-hidden=\"true\"><\/i><\/span>\t\t\t\t\t\t\r\n\t\t\t\t\t\t\t\t\t\t\t\t\t<span class=\"tab-title-text\">Misi\u00f3n<\/span>\r\n\t\t\t\t\t\t\t\t\t\t\t<\/li>\r\n\t\t\t\t\t\t\t\t\t\t<li class=\"tablinks inactive elementor-animation-\" data-tab=\"tab-2\">\t\r\n\t\t\t\t\t\t<span class=\"wrap-icon\"><i class=\"\" aria-hidden=\"true\"><\/i><\/span>\t\t\t\t\t\t\r\n\t\t\t\t\t\t\t\t\t\t\t\t\t<span class=\"tab-title-text\">Visi\u00f3n<\/span>\r\n\t\t\t\t\t\t\t\t\t\t\t<\/li>\r\n\t\t\t\t\t\t\t\t\t<\/ul>\r\n\t\t\t<\/div>\r\n\t\t\t<div class=\"tf-tabcontent\">\r\n\t\t\t\t\t\t\t\t<div id=\"tab-1\" class=\"tf-tabcontent-inner inactive animated fadeIn\">\r\n\t\t\t\t\t<p>Ofrecer productos de calidad elaborados en Caicedonia, promoviendo la confianza, la cercan\u00eda y el desarrollo econ\u00f3mico local. Nos comprometemos a brindar a nuestros clientes una experiencia de compra pr\u00e1ctica, amable y con el sello de lo hecho en nuestra tierra.<\/p>\r\n\t\t\t\t<\/div>\r\n\t\t\t\t\t\t\t\t<div id=\"tab-2\" class=\"tf-tabcontent-inner inactive animated fadeIn\">\r\n\t\t\t\t\t<p>Ser reconocidos como la tienda insignia de Caicedonia que impulsa el crecimiento local y proyecta al municipio hacia nuevas regiones, destacando por su compromiso con la calidad, la sostenibilidad y el fortalecimiento de la comunidad.<\/p>\r\n\t\t\t\t<\/div>\r\n\t\t\t\t\t\t\t<\/div>\r\n\t\t<\/div>\r\n\t\t\r\n\t\t\t\t\t\t<\/div>\n\t\t\t\t<\/div>\n\t\t\t\t\t<\/div>\n\t\t<\/div>\n\t\t\t\t\t<\/div>\n\t\t<\/section>\n\t\t\t\t<\/div>\n\t\t","protected":false},"excerpt":{"rendered":"<p>Nosotros Impulsamos lo local con pasi\u00f3n y confianza. Bienvenido a Runners Runner \u2013 Tu conexi\u00f3n con la calidad local Bienvenido [&hellip;]<\/p>\n","protected":false},"author":1,"featured_media":0,"parent":0,"menu_order":0,"comment_status":"closed","ping_status":"closed","template":"","meta":{"site-sidebar-layout":"no-sidebar","site-content-layout":"","ast-site-content-layout":"full-width-container","site-content-style":"default","site-sidebar-style":"default","ast-global-header-display":"","ast-banner-title-visibility":"","ast-main-header-display":"","ast-hfb-above-header-display":"","ast-hfb-below-header-display":"","ast-hfb-mobile-header-display":"","site-post-title":"","ast-breadcrumbs-content":"","ast-featured-img":"disabled","footer-sml-layout":"","theme-transparent-header-meta":"default","adv-header-id-meta":"","stick-header-meta":"","header-above-stick-meta":"","header-main-stick-meta":"","header-below-stick-meta":"","astra-migrate-meta-layouts":"set","ast-page-background-enabled":"default","ast-page-background-meta":{"desktop":{"background-color":"var(--ast-global-color-5)","background-image":"","background-repeat":"repeat","background-position":"center center","background-size":"auto","background-attachment":"scroll","background-type":"","background-media":"","overlay-type":"","overlay-color":"","overlay-opacity":"","overlay-gradient":""},"tablet":{"background-color":"","background-image":"","background-repeat":"repeat","background-position":"center center","background-size":"auto","background-attachment":"scroll","background-type":"","background-media":"","overlay-type":"","overlay-color":"","overlay-opacity":"","overlay-gradient":""},"mobile":{"background-color":"","background-image":"","background-repeat":"repeat","background-position":"center center","background-size":"auto","background-attachment":"scroll","background-type":"","background-media":"","overlay-type":"","overlay-color":"","overlay-opacity":"","overlay-gradient":""}},"ast-content-background-meta":{"desktop":{"background-color":"var(--ast-global-color-4)","background-image":"","background-repeat":"repeat","background-position":"center center","background-size":"auto","background-attachment":"scroll","background-type":"","background-media":"","overlay-type":"","overlay-color":"","overlay-opacity":"","overlay-gradient":""},"tablet":{"background-color":"var(--ast-global-color-4)","background-image":"","background-repeat":"repeat","background-position":"center center","background-size":"auto","background-attachment":"scroll","background-type":"","background-media":"","overlay-type":"","overlay-color":"","overlay-opacity":"","overlay-gradient":""},"mobile":{"background-color":"var(--ast-global-color-4)","background-image":"","background-repeat":"repeat","background-position":"center center","background-size":"auto","background-attachment":"scroll","background-type":"","background-media":"","overlay-type":"","overlay-color":"","overlay-opacity":"","overlay-gradient":""}},"_joinchat":[],"footnotes":""},"class_list":["post-166","page","type-page","status-publish","hentry"],"_links":{"self":[{"href":"https:\/\/runnerscaicedonia.com.co\/index.php\/wp-json\/wp\/v2\/pages\/166","targetHints":{"allow":["GET"]}}],"collection":[{"href":"https:\/\/runnerscaicedonia.com.co\/index.php\/wp-json\/wp\/v2\/pages"}],"about":[{"href":"https:\/\/runnerscaicedonia.com.co\/index.php\/wp-json\/wp\/v2\/types\/page"}],"author":[{"embeddable":true,"href":"https:\/\/runnerscaicedonia.com.co\/index.php\/wp-json\/wp\/v2\/users\/1"}],"replies":[{"embeddable":true,"href":"https:\/\/runnerscaicedonia.com.co\/index.php\/wp-json\/wp\/v2\/comments?post=166"}],"version-history":[{"count":13,"href":"https:\/\/runnerscaicedonia.com.co\/index.php\/wp-json\/wp\/v2\/pages\/166\/revisions"}],"predecessor-version":[{"id":271,"href":"https:\/\/runnerscaicedonia.com.co\/index.php\/wp-json\/wp\/v2\/pages\/166\/revisions\/271"}],"wp:attachment":[{"href":"https:\/\/runnerscaicedonia.com.co\/index.php\/wp-json\/wp\/v2\/media?parent=166"}],"curies":[{"name":"wp","href":"https:\/\/api.w.org\/{rel}","templated":true}]}}